{"id":2070,"date":"2020-10-27T18:31:13","date_gmt":"2020-10-27T17:31:13","guid":{"rendered":"https:\/\/arstor.pl\/kontakt\/"},"modified":"2026-03-30T09:11:25","modified_gmt":"2026-03-30T07:11:25","slug":"kontakt","status":"publish","type":"page","link":"https:\/\/arstor.pl\/uk\/kontakt\/","title":{"rendered":"\u041a\u043e\u043d\u0442\u0430\u043a\u0442"},"content":{"rendered":"\t\t<div data-elementor-type=\"wp-page\" data-elementor-id=\"2070\" class=\"elementor elementor-2070 elementor-857\" data-elementor-post-type=\"page\">\n\t\t\t\t\t\t<section class=\"elementor-section elementor-top-section elementor-element elementor-element-447bb11 elementor-section-height-min-height elementor-section-items-bottom elementor-section-boxed elementor-section-height-default\" data-id=\"447bb11\" data-element_type=\"section\" data-e-type=\"section\" data-settings=\"{&quot;background_background&quot;:&quot;classic&quot;}\">\n\t\t\t\t\t\t\t<div class=\"elementor-background-overlay\"><\/div>\n\t\t\t\t\t\t\t<div class=\"elementor-container elementor-column-gap-default\">\n\t\t\t\t\t<div class=\"elementor-column elementor-col-50 elementor-top-column elementor-element elementor-element-01b2a2e\" data-id=\"01b2a2e\" data-element_type=\"column\" data-e-type=\"column\">\n\t\t\t<div class=\"elementor-widget-wrap elementor-element-populated\">\n\t\t\t\t\t\t<div class=\"elementor-element elementor-element-5cf34b4 elementor-widget elementor-widget-heading\" data-id=\"5cf34b4\" data-element_type=\"widget\" data-e-type=\"widget\" data-widget_type=\"heading.default\">\n\t\t\t\t\t<h2 class=\"elementor-heading-title elementor-size-default\">\u041a\u043e\u043d\u0442\u0430\u043a\u0442<\/h2>\t\t\t\t<\/div>\n\t\t\t\t\t<\/div>\n\t\t<\/div>\n\t\t\t\t<div class=\"elementor-column elementor-col-50 elementor-top-column elementor-element elementor-element-71f47ea elementor-hidden-tablet elementor-hidden-phone\" data-id=\"71f47ea\" data-element_type=\"column\" data-e-type=\"column\">\n\t\t\t<div class=\"elementor-widget-wrap\">\n\t\t\t\t\t\t\t<\/div>\n\t\t<\/div>\n\t\t\t\t\t<\/div>\n\t\t<\/section>\n\t\t\t\t<section class=\"elementor-section elementor-top-section elementor-element elementor-element-f4ff7ab elementor-section-boxed elementor-section-height-default elementor-section-height-default\" data-id=\"f4ff7ab\" data-element_type=\"section\" data-e-type=\"section\">\n\t\t\t\t\t\t<div class=\"elementor-container elementor-column-gap-default\">\n\t\t\t\t\t<div class=\"elementor-column elementor-col-50 elementor-top-column elementor-element elementor-element-44539d7\" data-id=\"44539d7\" data-element_type=\"column\" data-e-type=\"column\">\n\t\t\t<div class=\"elementor-widget-wrap elementor-element-populated\">\n\t\t\t\t\t\t<div class=\"elementor-element elementor-element-59203da elementor-widget elementor-widget-heading\" data-id=\"59203da\" data-element_type=\"widget\" data-e-type=\"widget\" data-widget_type=\"heading.default\">\n\t\t\t\t\t<h3 class=\"elementor-heading-title elementor-size-default\">\u041c\u0430\u0454\u0448 \u043f\u0438\u0442\u0430\u043d\u043d\u044f \u043f\u0435\u0440\u0435\u0434 \u043f\u043e\u043a\u0443\u043f\u043a\u043e\u044e? \u0414\u043e\u043f\u043e\u043c\u043e\u0436\u0435\u043c\u043e \u043f\u0456\u0434\u0456\u0431\u0440\u0430\u0442\u0438 \u0442\u0430 \u0432\u043f\u0440\u043e\u0432\u0430\u0434\u0438\u0442\u0438.<\/h3>\t\t\t\t<\/div>\n\t\t\t\t<div class=\"elementor-element elementor-element-f7a050b elementor-widget elementor-widget-text-editor\" data-id=\"f7a050b\" data-element_type=\"widget\" data-e-type=\"widget\" data-widget_type=\"text-editor.default\">\n\t\t\t\t\t\t\t\t\t<p>\u041d\u0430\u043f\u0438\u0448\u0438, \u0449\u043e \u0442\u043e\u0431\u0456 \u043f\u043e\u0442\u0440\u0456\u0431\u043d\u043e (WordPress \/ WooCommerce \/ \u0444\u043e\u0440\u043c\u0438 \/ \u0430\u0432\u0442\u043e\u043c\u0430\u0442\u0438\u0437\u0430\u0446\u0456\u0457). \u0429\u043e\u0431 \u043f\u0440\u0438\u0441\u043a\u043e\u0440\u0438\u0442\u0438 \u0432\u0456\u0434\u043f\u043e\u0432\u0456\u0434\u044c, \u0432\u043a\u0430\u0436\u0438: \u0430\u0434\u0440\u0435\u0441\u0443 \u0441\u0430\u0439\u0442\u0443, \u043d\u0430\u0437\u0432\u0443 \u043f\u0440\u043e\u0434\u0443\u043a\u0442\u0443, \u0432\u0435\u0440\u0441\u0456\u044e WordPress\/PHP \u0442\u0430 \u043a\u043e\u0440\u043e\u0442\u043a\u0438\u0439 \u043e\u043f\u0438\u0441 (\u043c\u043e\u0436\u0435 \u0431\u0443\u0442\u0438 \u0441\u043a\u0440\u0456\u043d\u0448\u043e\u0442). \u0417\u0430\u0437\u0432\u0438\u0447\u0430\u0439 \u0432\u0456\u0434\u043f\u043e\u0432\u0456\u0434\u0430\u0454\u043c\u043e \u0432 \u0440\u043e\u0431\u043e\u0447\u0456 \u0434\u043d\u0456 \u043f\u0440\u043e\u0442\u044f\u0433\u043e\u043c 1\u20132 \u0434\u043d\u0456\u0432.<\/p>\t\t\t\t\t\t\t\t<\/div>\n\t\t\t\t\t<\/div>\n\t\t<\/div>\n\t\t\t\t<div class=\"elementor-column elementor-col-50 elementor-top-column elementor-element elementor-element-6d4acba\" data-id=\"6d4acba\" data-element_type=\"column\" data-e-type=\"column\" data-settings=\"{&quot;background_background&quot;:&quot;classic&quot;}\">\n\t\t\t<div class=\"elementor-widget-wrap elementor-element-populated\">\n\t\t\t\t\t<div class=\"elementor-background-overlay\"><\/div>\n\t\t\t\t\t\t<div class=\"elementor-element elementor-element-73dfb92 elementor-widget elementor-widget-heading\" data-id=\"73dfb92\" data-element_type=\"widget\" data-e-type=\"widget\" data-widget_type=\"heading.default\">\n\t\t\t\t\t<h3 class=\"elementor-heading-title elementor-size-default\">\u041f\u0456\u0434\u0442\u0440\u0438\u043c\u043a\u0430 \u043a\u043b\u0456\u0454\u043d\u0442\u0456\u0432<\/h3>\t\t\t\t<\/div>\n\t\t\t\t<div class=\"elementor-element elementor-element-ae36629 elementor-widget elementor-widget-heading\" data-id=\"ae36629\" data-element_type=\"widget\" data-e-type=\"widget\" data-widget_type=\"heading.default\">\n\t\t\t\t\t<h3 class=\"elementor-heading-title elementor-size-default\"><a href=\"tel:+48722754444\">+48 722 754 444<\/a><\/h3>\t\t\t\t<\/div>\n\t\t\t\t<div class=\"elementor-element elementor-element-98bb99e elementor-widget elementor-widget-text-editor\" data-id=\"98bb99e\" data-element_type=\"widget\" data-e-type=\"widget\" data-widget_type=\"text-editor.default\">\n\t\t\t\t\t\t\t\t\t<p>\u041f\u0456\u0434\u0442\u0440\u0438\u043c\u043a\u0430 \u043a\u043b\u0456\u0454\u043d\u0442\u0456\u0432 \u0437\u0434\u0456\u0439\u0441\u043d\u044e\u0454\u0442\u044c\u0441\u044f \u043f\u043e\u043b\u044c\u0441\u044c\u043a\u043e\u044e \u043c\u043e\u0432\u043e\u044e. \u042f\u043a\u0449\u043e \u0442\u0438 \u0440\u043e\u0437\u043c\u043e\u0432\u043b\u044f\u0454\u0448 \u0456\u043d\u0448\u0438\u043c\u0438 \u043c\u043e\u0432\u0430\u043c\u0438, \u043f\u0440\u043e\u0441\u0442\u043e \u043d\u0430\u043f\u0438\u0448\u0438 \u043d\u0430\u043c.<\/p>\t\t\t\t\t\t\t\t<\/div>\n\t\t\t\t<div class=\"elementor-element elementor-element-fadb693 elementor-widget elementor-widget-heading\" data-id=\"fadb693\" data-element_type=\"widget\" data-e-type=\"widget\" data-widget_type=\"heading.default\">\n\t\t\t\t\t<h4 class=\"elementor-heading-title elementor-size-default\">\u041f\u043e\u0442\u0440\u0456\u0431\u043d\u0430 \u0434\u043e\u043f\u043e\u043c\u043e\u0433\u0430?<\/h4>\t\t\t\t<\/div>\n\t\t\t\t<div class=\"elementor-element elementor-element-af90c39 elementor-widget elementor-widget-text-editor\" data-id=\"af90c39\" data-element_type=\"widget\" data-e-type=\"widget\" data-widget_type=\"text-editor.default\">\n\t\t\t\t\t\t\t\t\t<p>\u0421\u043a\u043e\u0440\u0438\u0441\u0442\u0430\u0439\u0441\u044f \u0444\u043e\u0440\u043c\u043e\u044e \u043d\u0438\u0436\u0447\u0435 \u0430\u0431\u043e \u043d\u0430\u0434\u0456\u0448\u043b\u0438 \u043d\u0430\u043c \u0435\u043b\u0435\u043a\u0442\u0440\u043e\u043d\u043d\u0438\u0439 \u043b\u0438\u0441\u0442.<\/p>\t\t\t\t\t\t\t\t<\/div>\n\t\t\t\t<div class=\"elementor-element elementor-element-2e83953 elementor-button-align-stretch elementor-widget elementor-widget-form\" data-id=\"2e83953\" data-element_type=\"widget\" data-e-type=\"widget\" data-settings=\"{&quot;step_next_label&quot;:&quot;Next&quot;,&quot;step_previous_label&quot;:&quot;Previous&quot;,&quot;button_width&quot;:&quot;100&quot;,&quot;step_type&quot;:&quot;number_text&quot;,&quot;step_icon_shape&quot;:&quot;circle&quot;}\" data-widget_type=\"form.default\">\n\t\t\t\t\t\t\t<form class=\"elementor-form\" method=\"post\" name=\"\u0424\u043e\u0440\u043c\u0430 \u043a\u043e\u043d\u0442\u0430\u043a\u0442\u0443\" aria-label=\"\u0424\u043e\u0440\u043c\u0430 \u043a\u043e\u043d\u0442\u0430\u043a\u0442\u0443\">\n\t\t\t<input type=\"hidden\" name=\"post_id\" value=\"2070\"\/>\n\t\t\t<input type=\"hidden\" name=\"form_id\" value=\"2e83953\"\/>\n\t\t\t<input type=\"hidden\" name=\"referer_title\" value=\"\u041a\u043e\u043d\u0442\u0430\u043a\u0442 - Aroks Digital Kits\" \/>\n\n\t\t\t\t\t\t\t<input type=\"hidden\" name=\"queried_id\" value=\"2070\"\/>\n\t\t\t\n\t\t\t<div class=\"elementor-form-fields-wrapper elementor-labels-above\">\n\t\t\t\t\t\t\t\t<div class=\"elementor-field-type-text elementor-field-group elementor-column elementor-field-group-name elementor-col-100\">\n\t\t\t\t\t\t\t\t\t\t\t\t\t<input size=\"1\" type=\"text\" name=\"form_fields[name]\" id=\"form-field-name\" class=\"elementor-field elementor-size-sm  elementor-field-textual\" placeholder=\"\u0406\u043c&#039;\u044f\">\n\t\t\t\t\t\t\t\t\t\t\t<\/div>\n\t\t\t\t\t\t\t\t<div class=\"elementor-field-type-email elementor-field-group elementor-column elementor-field-group-email elementor-col-100 elementor-field-required\">\n\t\t\t\t\t\t\t\t\t\t\t\t\t<input size=\"1\" type=\"email\" name=\"form_fields[email]\" id=\"form-field-email\" class=\"elementor-field elementor-size-sm  elementor-field-textual\" placeholder=\"Email\" required=\"required\">\n\t\t\t\t\t\t\t\t\t\t\t<\/div>\n\t\t\t\t\t\t\t\t<div class=\"elementor-field-type-textarea elementor-field-group elementor-column elementor-field-group-message elementor-col-100\">\n\t\t\t\t\t<textarea class=\"elementor-field-textual elementor-field  elementor-size-sm\" name=\"form_fields[message]\" id=\"form-field-message\" rows=\"4\" placeholder=\"\u041f\u043e\u0432\u0456\u0434\u043e\u043c\u043b\u0435\u043d\u043d\u044f...\"><\/textarea>\t\t\t\t<\/div>\n\t\t\t\t\t\t\t\t<div class=\"elementor-field-type-text\">\n\t\t\t\t\t<input size=\"1\" type=\"text\" name=\"form_fields[field_4732117]\" id=\"form-field-field_4732117\" class=\"elementor-field elementor-size-sm \" style=\"display:none !important;\">\t\t\t\t<\/div>\n\t\t\t\t\t\t\t\t<div class=\"elementor-field-type-acceptance elementor-field-group elementor-column elementor-field-group-field_10f4003 elementor-col-100 elementor-field-required\">\n\t\t\t\t\t\t\t<div class=\"elementor-field-subgroup\">\n\t\t\t<span class=\"elementor-field-option\">\n\t\t\t\t<input type=\"checkbox\" name=\"form_fields[field_10f4003]\" id=\"form-field-field_10f4003\" class=\"elementor-field elementor-size-sm  elementor-acceptance-field\" required=\"required\">\n\t\t\t\t<label for=\"form-field-field_10f4003\">\u041f\u043e\u0433\u043e\u0434\u0436\u0443\u044e\u0441\u044f \u0437 <a rel=\"privacy-policy\" href=\"https:\/\/arstor.pl\/polityka-prywatnosci\/\">\u041f\u043e\u043b\u0456\u0442\u0438\u043a\u043e\u044e \u043a\u043e\u043d\u0444\u0456\u0434\u0435\u043d\u0446\u0456\u0439\u043d\u043e\u0441\u0442\u0456<\/a>.<\/label>\t\t\t<\/span>\n\t\t<\/div>\n\t\t\t\t\t\t<\/div>\n\t\t\t\t\t\t\t\t<div class=\"elementor-field-type-recaptcha_v3 elementor-field-group elementor-column elementor-field-group-field_f7e9dac elementor-col-100 recaptcha_v3-inline\">\n\t\t\t\t\t<div class=\"elementor-field\" id=\"form-field-field_f7e9dac\"><div class=\"elementor-g-recaptcha\" data-sitekey=\"6LfZb50sAAAAAGqYLuW7Oc0AbIo2QZCR4yQR0OHD\" data-type=\"v3\" data-action=\"Form\" data-badge=\"inline\" data-size=\"invisible\"><\/div><\/div>\t\t\t\t<\/div>\n\t\t\t\t\t\t\t\t<div class=\"elementor-field-group elementor-column elementor-field-type-submit elementor-col-100 e-form__buttons\">\n\t\t\t\t\t<button class=\"elementor-button elementor-size-sm\" type=\"submit\">\n\t\t\t\t\t\t<span class=\"elementor-button-content-wrapper\">\n\t\t\t\t\t\t\t\t\t\t\t\t\t\t\t\t\t\t\t\t\t\t<span class=\"elementor-button-text\">\u041d\u0430\u0434\u0456\u0441\u043b\u0430\u0442\u0438 \u043f\u043e\u0432\u0456\u0434\u043e\u043c\u043b\u0435\u043d\u043d\u044f<\/span>\n\t\t\t\t\t\t\t\t\t\t\t\t\t<\/span>\n\t\t\t\t\t<\/button>\n\t\t\t\t<\/div>\n\t\t\t<\/div>\n\t\t<\/form>\n\t\t\t\t\t\t<\/div>\n\t\t\t\t\t<\/div>\n\t\t<\/div>\n\t\t\t\t\t<\/div>\n\t\t<\/section>\n\t\t\t\t<section class=\"elementor-section elementor-top-section elementor-element elementor-element-b3021c3 elementor-hidden-tablet elementor-hidden-phone elementor-section-boxed elementor-section-height-default elementor-section-height-default\" data-id=\"b3021c3\" data-element_type=\"section\" data-e-type=\"section\">\n\t\t\t\t\t\t<div class=\"elementor-container elementor-column-gap-default\">\n\t\t\t\t\t<div class=\"elementor-column elementor-col-100 elementor-top-column elementor-element elementor-element-d4bc66c\" data-id=\"d4bc66c\" data-element_type=\"column\" data-e-type=\"column\">\n\t\t\t<div class=\"elementor-widget-wrap elementor-element-populated\">\n\t\t\t\t\t\t<div class=\"elementor-element elementor-element-de3e326 elementor-widget-divider--view-line elementor-widget elementor-widget-divider\" data-id=\"de3e326\" data-element_type=\"widget\" data-e-type=\"widget\" data-widget_type=\"divider.default\">\n\t\t\t\t\t\t\t<div class=\"elementor-divider\">\n\t\t\t<span class=\"elementor-divider-separator\">\n\t\t\t\t\t\t<\/span>\n\t\t<\/div>\n\t\t\t\t\t\t<\/div>\n\t\t\t\t\t<\/div>\n\t\t<\/div>\n\t\t\t\t\t<\/div>\n\t\t<\/section>\n\t\t\t\t<section class=\"elementor-section elementor-top-section elementor-element elementor-element-43a92b1 elementor-section-boxed elementor-section-height-default elementor-section-height-default\" data-id=\"43a92b1\" data-element_type=\"section\" data-e-type=\"section\">\n\t\t\t\t\t\t<div class=\"elementor-container elementor-column-gap-default\">\n\t\t\t\t\t<div class=\"elementor-column elementor-col-100 elementor-top-column elementor-element elementor-element-f7fe86b\" data-id=\"f7fe86b\" data-element_type=\"column\" data-e-type=\"column\" data-settings=\"{&quot;background_background&quot;:&quot;classic&quot;}\">\n\t\t\t<div class=\"elementor-widget-wrap elementor-element-populated\">\n\t\t\t\t\t\t<section class=\"elementor-section elementor-inner-section elementor-element elementor-element-abd597a elementor-section-boxed elementor-section-height-default elementor-section-height-default\" data-id=\"abd597a\" data-element_type=\"section\" data-e-type=\"section\">\n\t\t\t\t\t\t<div class=\"elementor-container elementor-column-gap-default\">\n\t\t\t\t\t<div class=\"elementor-column elementor-col-50 elementor-inner-column elementor-element elementor-element-0bd4ba8\" data-id=\"0bd4ba8\" data-element_type=\"column\" data-e-type=\"column\">\n\t\t\t<div class=\"elementor-widget-wrap elementor-element-populated\">\n\t\t\t\t\t\t<div class=\"elementor-element elementor-element-82f1a73 elementor-widget elementor-widget-text-editor\" data-id=\"82f1a73\" data-element_type=\"widget\" data-e-type=\"widget\" data-widget_type=\"text-editor.default\">\n\t\t\t\t\t\t\t\t\t<p><strong>Aroks Digital Marketing &amp; Services<\/strong><br><strong>Aroks Group Sp. z o.o.<\/strong><br>NIP 8133842216,<br>\u0432\u0443\u043b. Hugo Ko\u0142\u0142\u0105taja 3\/15, <br>20-006 Lublin, Polska<\/p><p>\u0422\u0435\u043b\u0435\u0444\u043e\u043d: +48 722 754 444<br>\u041f\u043e\u0448\u0442\u0430: kontakt@arstor.pl<\/p>\t\t\t\t\t\t\t\t<\/div>\n\t\t\t\t\t<\/div>\n\t\t<\/div>\n\t\t\t\t<div class=\"elementor-column elementor-col-50 elementor-inner-column elementor-element elementor-element-e603b2f\" data-id=\"e603b2f\" data-element_type=\"column\" data-e-type=\"column\">\n\t\t\t<div class=\"elementor-widget-wrap elementor-element-populated\">\n\t\t\t\t\t\t<div class=\"elementor-element elementor-element-9d84e9a elementor-widget elementor-widget-google_maps\" data-id=\"9d84e9a\" data-element_type=\"widget\" data-e-type=\"widget\" data-widget_type=\"google_maps.default\">\n\t\t\t\t\t\t\t<div class=\"elementor-custom-embed\">\n\t\t\t<iframe loading=\"lazy\"\n\t\t\t\t\tsrc=\"https:\/\/maps.google.com\/maps?q=Aroks%20Digital%20Marketing%20%26%20Services&#038;t=m&#038;z=4&#038;output=embed&#038;iwloc=near\"\n\t\t\t\t\ttitle=\"Aroks Digital Marketing &amp; Services\"\n\t\t\t\t\taria-label=\"Aroks Digital Marketing &amp; Services\"\n\t\t\t><\/iframe>\n\t\t<\/div>\n\t\t\t\t\t\t<\/div>\n\t\t\t\t\t<\/div>\n\t\t<\/div>\n\t\t\t\t\t<\/div>\n\t\t<\/section>\n\t\t\t\t\t<\/div>\n\t\t<\/div>\n\t\t\t\t\t<\/div>\n\t\t<\/section>\n\t\t\t\t<\/div>\n\t\t","protected":false},"excerpt":{"rendered":"<p>\u041a\u043e\u043d\u0442\u0430\u043a\u0442 \u041c\u0430\u0454\u0448 \u043f\u0438\u0442\u0430\u043d\u043d\u044f \u043f\u0435\u0440\u0435\u0434 \u043f\u043e\u043a\u0443\u043f\u043a\u043e\u044e? \u0414\u043e\u043f\u043e\u043c\u043e\u0436\u0435\u043c\u043e \u043f\u0456\u0434\u0456\u0431\u0440\u0430\u0442\u0438 \u0442\u0430 \u0432\u043f\u0440\u043e\u0432\u0430\u0434\u0438\u0442\u0438. \u041d\u0430\u043f\u0438\u0448\u0438, \u0449\u043e \u0442\u043e\u0431\u0456 \u043f\u043e\u0442\u0440\u0456\u0431\u043d\u043e (WordPress \/ WooCommerce \/ \u0444\u043e\u0440\u043c\u0438 \/ \u0430\u0432\u0442\u043e\u043c\u0430\u0442\u0438\u0437\u0430\u0446\u0456\u0457). \u0429\u043e\u0431 \u043f\u0440\u0438\u0441\u043a\u043e\u0440\u0438\u0442\u0438 \u0432\u0456\u0434\u043f\u043e\u0432\u0456\u0434\u044c, \u0432\u043a\u0430\u0436\u0438: \u0430\u0434\u0440\u0435\u0441\u0443 \u0441\u0430\u0439\u0442\u0443, \u043d\u0430\u0437\u0432\u0443 \u043f\u0440\u043e\u0434\u0443\u043a\u0442\u0443, \u0432\u0435\u0440\u0441\u0456\u044e WordPress\/PHP \u0442\u0430 \u043a\u043e\u0440\u043e\u0442\u043a\u0438\u0439 \u043e\u043f\u0438\u0441 (\u043c\u043e\u0436\u0435 \u0431\u0443\u0442\u0438 \u0441\u043a\u0440\u0456\u043d\u0448\u043e\u0442). \u0417\u0430\u0437\u0432\u0438\u0447\u0430\u0439 \u0432\u0456\u0434\u043f\u043e\u0432\u0456\u0434\u0430\u0454\u043c\u043e \u0432 \u0440\u043e\u0431\u043e\u0447\u0456 \u0434\u043d\u0456 \u043f\u0440\u043e\u0442\u044f\u0433\u043e\u043c 1\u20132 \u0434\u043d\u0456\u0432. \u041f\u0456\u0434\u0442\u0440\u0438\u043c\u043a\u0430 \u043a\u043b\u0456\u0454\u043d\u0442\u0456\u0432 +48 722 754 444 \u041f\u0456\u0434\u0442\u0440\u0438\u043c\u043a\u0430 \u043a\u043b\u0456\u0454\u043d\u0442\u0456\u0432 \u0437\u0434\u0456\u0439\u0441\u043d\u044e\u0454\u0442\u044c\u0441\u044f \u043f\u043e\u043b\u044c\u0441\u044c\u043a\u043e\u044e \u043c\u043e\u0432\u043e\u044e&#8230;.<\/p>\n","protected":false},"author":1,"featured_media":0,"parent":0,"menu_order":0,"comment_status":"closed","ping_status":"closed","template":"elementor_header_footer","meta":{"_kad_post_transparent":"","_kad_post_title":"","_kad_post_layout":"","_kad_post_sidebar_id":"","_kad_post_content_style":"","_kad_post_vertical_padding":"","_kad_post_feature":"","_kad_post_feature_position":"","_kad_post_header":false,"_kad_post_footer":false,"_kad_post_classname":"","footnotes":""},"class_list":["post-2070","page","type-page","status-publish","hentry"],"_links":{"self":[{"href":"https:\/\/arstor.pl\/uk\/wp-json\/wp\/v2\/pages\/2070","targetHints":{"allow":["GET"]}}],"collection":[{"href":"https:\/\/arstor.pl\/uk\/wp-json\/wp\/v2\/pages"}],"about":[{"href":"https:\/\/arstor.pl\/uk\/wp-json\/wp\/v2\/types\/page"}],"author":[{"embeddable":true,"href":"https:\/\/arstor.pl\/uk\/wp-json\/wp\/v2\/users\/1"}],"replies":[{"embeddable":true,"href":"https:\/\/arstor.pl\/uk\/wp-json\/wp\/v2\/comments?post=2070"}],"version-history":[{"count":4,"href":"https:\/\/arstor.pl\/uk\/wp-json\/wp\/v2\/pages\/2070\/revisions"}],"predecessor-version":[{"id":2602,"href":"https:\/\/arstor.pl\/uk\/wp-json\/wp\/v2\/pages\/2070\/revisions\/2602"}],"wp:attachment":[{"href":"https:\/\/arstor.pl\/uk\/wp-json\/wp\/v2\/media?parent=2070"}],"curies":[{"name":"wp","href":"https:\/\/api.w.org\/{rel}","templated":true}]}}