{"id":2701,"date":"2026-03-27T02:16:35","date_gmt":"2026-03-27T01:16:35","guid":{"rendered":"https:\/\/arstor.pl\/?post_type=product&#038;p=2701"},"modified":"2026-05-13T00:55:21","modified_gmt":"2026-05-12T22:55:21","slug":"aroks-crm-open-crm-foinse-oscailte-saor-in-aisce-ar-dostail-fein","status":"publish","type":"product","link":"https:\/\/arstor.pl\/ga\/produkt\/aroks-crm-open-crm-foinse-oscailte-saor-in-aisce-ar-dostail-fein\/","title":{"rendered":"Aroks CRM Open &#8211; CRM foinse oscailte saor in aisce ar d\u2019\u00f3st\u00e1il f\u00e9in"},"content":{"rendered":"<p>Is CRM praitici\u00fail \u00e9 <strong>Aroks CRM Open<\/strong> do chuideachta\u00ed at\u00e1 ag iarraidh obair le treoracha d\u00edolach\u00e1in, custaim\u00e9ir\u00ed agus pr\u00f3isis inmhe\u00e1nacha a chur in ord gan a bheith ag brath ar sh\u00ednti\u00fas m\u00edos\u00fail. Suite\u00e1lann t\u00fa an c\u00f3ras ar d\u2019\u00f3st\u00e1il f\u00e9in, mar sin t\u00e1 smacht ioml\u00e1n agat ar na sonra\u00ed, ar na rochtain\u00ed agus ar an gcaoi a gcuirtear i bhfeidhm \u00e9. Is r\u00e9iteach \u00e9 seo d\u2019fhoirne at\u00e1 ag iarraidh bogadh ar shi\u00fal \u00f3 Excel, n\u00f3ta\u00ed scaipthe agus mearbhall cumars\u00e1ide.<\/p>\n<p>Sa ghn\u00e1thobair laeth\u00fail, cabhra\u00edonn Aroks CRM Open le bunachar teagmh\u00e1lacha comhroinnte amh\u00e1in a choinne\u00e1il, st\u00e1das gach c\u00e1s a lean\u00faint, freagracht a shannadh, tascanna a tharmligean agus an fhaisn\u00e9is riachtanach a aimsi\u00fa n\u00edos tapa. Taca\u00edonn an c\u00f3ras le hobair foirne \u00e1isi\u00fail, allmhairi\u00fa agus easp\u00f3rt\u00e1il sonra\u00ed, c\u00e9imeanna agus st\u00e1dais shaincheaptha, agus forbairt bhreise de r\u00e9ir riachtanais na cuideachta.<\/p>\n<h3>Na pr\u00edomhbhunt\u00e1ist\u00ed<\/h3>\n<ul>\n<li>gan s\u00ednti\u00fas m\u00edos\u00fail<\/li>\n<li>suite\u00e1il ar d\u2019\u00f3st\u00e1il f\u00e9in<\/li>\n<li>gan teorainn \u00fas\u00e1ideoir\u00ed<\/li>\n<li>gan teorainn ar l\u00edon na gcustaim\u00e9ir\u00ed<\/li>\n<li>bunachar sonra\u00ed amh\u00e1in eagraithe in ionad scarbhileog agus comhr\u00e1ite i bhfeidhmchl\u00e1ir teachtaireachta\u00ed<\/li>\n<li>c\u00e9imeanna agus st\u00e1dais shaincheaptha at\u00e1 oiri\u00fanaithe do phr\u00f3iseas na cuideachta<\/li>\n<li>tascanna, meabhr\u00fach\u00e1in agus tarmligean oibre<\/li>\n<li>cuardach \u00e1isi\u00fail ar ch\u00e1rta\u00ed de r\u00e9ir uimhir ghuth\u00e1in, ainm n\u00f3 n\u00f3ta tr\u00e1chta<\/li>\n<li>allmhairi\u00fa agus easp\u00f3rt\u00e1il sonra\u00ed<\/li>\n<li>f\u00e9idearthacht comhth\u00e1thaithe agus forbairt bhreise an ch\u00f3rais<\/li>\n<\/ul>\n<h3>C\u00e9 d\u00f3 \u00e9<\/h3>\n<p> Is rogha mhaith \u00e9 Aroks CRM Open <strong>do ghn\u00f3lachta\u00ed beaga agus me\u00e1nmh\u00e9ide, ranna d\u00edolach\u00e1in, gn\u00edomhaireachta\u00ed earca\u00edochta agus foirne<\/strong> a bhfuil a n-\u00f3st\u00e1il f\u00e9in acu agus at\u00e1 ag iarraidh CRM a \u00fas\u00e1id ina dtimpeallacht f\u00e9in. Oireann s\u00e9 go h\u00e1irithe do ch\u00e1sanna ina bhfuil smacht ar shonra\u00ed, easpa teorainneacha cead\u00fanaithe agus f\u00e9idearthacht leathnaithe n\u00edos d\u00e9ana\u00ed t\u00e1bhachtach. <\/p>\n<h3>Cad at\u00e1 san \u00e1ireamh in Aroks CRM Open<\/h3>\n<ul>\n<li>rochtain ar an leagan foinse oscailte saor in aisce<\/li>\n<li>eagr\u00fa do bhunachair f\u00e9in custaim\u00e9ir\u00ed agus treoracha d\u00edolach\u00e1in<\/li>\n<li>bainisti\u00fa c\u00e1rta\u00ed, c\u00e9imeanna agus st\u00e1das<\/li>\n<li>tascanna agus meabhr\u00fach\u00e1in<\/li>\n<li>obair foirne do go leor \u00fas\u00e1ideoir\u00ed<\/li>\n<li>allmhairi\u00fa agus easp\u00f3rt\u00e1il sonra\u00ed<\/li>\n<li>f\u00e9idearthacht cur i bhfeidhm ar do fhreastala\u00ed f\u00e9in<\/li>\n<li>f\u00e9idearthacht leathnaithe le comhth\u00e1thuithe agus feidhmeanna breise ar ord\u00fa<\/li>\n<\/ul>\n<h3>Comhth\u00e1thuithe agus forbairt<\/h3>\n<p> Taca\u00edonn Aroks CRM Open le comhth\u00e1th\u00fa le teileaf\u00f3na\u00edocht IP Binotel agus leis an gcomhth\u00e1th\u00f3ir Apix-Drive. M\u00e1s g\u00e1, is f\u00e9idir an c\u00f3ras a oiri\u00fan\u00fa do phr\u00f3isis shonracha na cuideachta, agus is f\u00e9idir an cur i bhfeidhm a leathn\u00fa le haistri\u00fa sonra\u00ed, cumr\u00fa r\u00e9ims\u00ed, c\u00e9imeanna agus comhth\u00e1thuithe le huirlis\u00ed eile. <\/p>\n<h3>Cad nach bhfuil san \u00e1ireamh sa t\u00e1irge seo<\/h3>\n<p> Baineann an t\u00e1irge seo le leagan Open an ch\u00f3rais, is \u00e9 sin an r\u00e9iteach f\u00e9in le cur i bhfeidhm ar d\u2019\u00f3st\u00e1il f\u00e9in. N\u00edl cumr\u00fa freastala\u00ed, sl\u00e1nd\u00e1il, c\u00faltaca\u00ed, nuashonruithe, aistri\u00fa sonra\u00ed, oili\u00faint foirne n\u00e1 comhth\u00e1thuithe san \u00e1ireamh sa \u00edosl\u00f3d\u00e1il saor in aisce, ach is f\u00e9idir iad a ord\u00fa mar sheirbh\u00eds\u00ed cur chun feidhme ar leith. <\/p>\n<h3>Conas tos\u00fa<\/h3>\n<p> <strong>T\u00e1 2 bhealach agat le tos\u00fa.<\/strong> An ch\u00e9ad cheann: \u00edosl\u00f3d\u00e1lann t\u00fa an c\u00f3ras agus cuireann t\u00fa i bhfeidhm \u00e9 leat f\u00e9in n\u00f3 le d\u2019fhorbr\u00f3ir f\u00e9in ar d\u2019\u00f3st\u00e1il f\u00e9in. An dara ceann: orda\u00edonn t\u00fa cur i bhfeidhm \u00f3 AroksDS, a d\u2019fh\u00e9adfadh suite\u00e1il, aistri\u00fa sonra\u00ed \u00f3 Excel n\u00f3 \u00f3 CRM eile, agus cumr\u00fa pr\u00f3iseas bun\u00fasach a chuimsi\u00fa. <\/p>\n<h3>Ceisteanna coitianta<\/h3>\n<p> <strong>An bhfuil Aroks CRM Open saor in aisce i nd\u00e1ir\u00edre?<\/strong> T\u00e1. Cuirtear c\u00f3d Aroks CRM Open ar f\u00e1il saor in aisce. N\u00ed fh\u00e9adfaidh ach seirbh\u00eds\u00ed breise, mar shampla suite\u00e1il, aistri\u00fa, comhth\u00e1thuithe n\u00f3 taca\u00edocht cur chun feidhme, a bheith \u00edoctha.<\/p>\n<p><strong>An g\u00e1 s\u00ednti\u00fas a cheannach?<\/strong><br \/>\nN\u00ed g\u00e1. Oibr\u00edonn an leagan Open gan s\u00ednti\u00fas m\u00edos\u00fail.<\/p>\n<p><strong>An bhfuil teorainn leis an l\u00edon \u00fas\u00e1ideoir\u00ed?<\/strong><br \/>\nN\u00edl. Deir an su\u00edomh oifigi\u00fail nach bhfuil teorainn \u00fas\u00e1ideoir\u00ed n\u00e1 teorainn ar l\u00edon na gcustaim\u00e9ir\u00ed ann.<\/p>\n<p><strong>An f\u00e9idir an c\u00f3ras a shuite\u00e1il ar d\u2019\u00f3st\u00e1il f\u00e9in?<\/strong><br \/>\nIs f\u00e9idir. Is \u00e9 seo bunmh\u00fanla oibre an leagain Open.<\/p>\n<p><strong>An f\u00e9idir bogadh go dt\u00ed an leagan Cloud n\u00edos d\u00e9ana\u00ed?<\/strong><br \/>\nIs f\u00e9idir. Ceada\u00edonn an su\u00edomh oifigi\u00fail aistri\u00fa \u00f3 Aroks CRM Open go Aroks CRM Cloud m\u00e1 theasta\u00edonn \u00f3n gcuideachta, le himeacht ama, bogadh go samhail at\u00e1 \u00e1 bainisti\u00fa ag AroksDS.<\/p>\n<p><strong>\u00cdosl\u00f3d\u00e1il Aroks CRM Open agus seice\u00e1il an n-oireann an tsamhail oibre seo do do chuideachta. M\u00e1s mian leat an c\u00f3ras a sheoladh n\u00edos tapa agus gan cuid den obair theicni\u00fail, is f\u00e9idir linn suite\u00e1il, aistri\u00fa sonra\u00ed agus cumr\u00fa bun\u00fasach a ullmh\u00fa do do phr\u00f3iseas.<\/strong><\/p>\n","protected":false},"excerpt":{"rendered":"<p>Is c\u00f3ras CRM foinse oscailte r\u00e9idh le h\u00fas\u00e1id \u00e9 <strong>Aroks CRM Open<\/strong> a shuite\u00e1lann t\u00fa ar d\u2019\u00f3st\u00e1il f\u00e9in. <strong>Oireann s\u00e9 do ranna d\u00edolach\u00e1in agus earca\u00edochta<\/strong>, agus cuireann s\u00e9 bunachar teagmh\u00e1lacha, c\u00e9imeanna oibre, tascanna agus freagrachta\u00ed foirne in ord. Gan s\u00ednti\u00fas, gan teorainn \u00fas\u00e1ideoir\u00ed agus gan teorainn ar l\u00edon na gcustaim\u00e9ir\u00ed.<\/p>\n","protected":false},"featured_media":2700,"template":"","meta":{"_kad_post_transparent":"default","_kad_post_title":"","_kad_post_layout":"default","_kad_post_sidebar_id":"","_kad_post_content_style":"default","_kad_post_vertical_padding":"default","_kad_post_feature":"","_kad_post_feature_position":"","_kad_post_header":false,"_kad_post_footer":false,"_kad_post_classname":""},"product_brand":[],"product_cat":[49],"product_tag":[],"class_list":{"0":"post-2701","1":"product","2":"type-product","3":"status-publish","4":"has-post-thumbnail","6":"product_cat-ioslodalacha","8":"first","9":"instock","10":"downloadable","11":"virtual","12":"taxable","13":"purchasable","14":"product-type-simple","15":"entry","16":"content-bg","17":"loop-entry"},"_links":{"self":[{"href":"https:\/\/arstor.pl\/ga\/wp-json\/wp\/v2\/product\/2701","targetHints":{"allow":["GET"]}}],"collection":[{"href":"https:\/\/arstor.pl\/ga\/wp-json\/wp\/v2\/product"}],"about":[{"href":"https:\/\/arstor.pl\/ga\/wp-json\/wp\/v2\/types\/product"}],"wp:featuredmedia":[{"embeddable":true,"href":"https:\/\/arstor.pl\/ga\/wp-json\/wp\/v2\/media\/2700"}],"wp:attachment":[{"href":"https:\/\/arstor.pl\/ga\/wp-json\/wp\/v2\/media?parent=2701"}],"wp:term":[{"taxonomy":"product_brand","embeddable":true,"href":"https:\/\/arstor.pl\/ga\/wp-json\/wp\/v2\/product_brand?post=2701"},{"taxonomy":"product_cat","embeddable":true,"href":"https:\/\/arstor.pl\/ga\/wp-json\/wp\/v2\/product_cat?post=2701"},{"taxonomy":"product_tag","embeddable":true,"href":"https:\/\/arstor.pl\/ga\/wp-json\/wp\/v2\/product_tag?post=2701"}],"curies":[{"name":"wp","href":"https:\/\/api.w.org\/{rel}","templated":true}]}}