{"id":1820,"date":"2020-10-26T11:38:49","date_gmt":"2020-10-26T10:38:49","guid":{"rendered":"https:\/\/arstor.pl\/tacaiocht\/"},"modified":"2026-02-02T05:08:17","modified_gmt":"2026-02-02T04:08:17","slug":"tacaiocht","status":"publish","type":"page","link":"https:\/\/arstor.pl\/ga\/tacaiocht\/","title":{"rendered":"Taca\u00edocht"},"content":{"rendered":"\t\t<div data-elementor-type=\"wp-page\" data-elementor-id=\"1820\" class=\"elementor elementor-1820 elementor-492\" data-elementor-post-type=\"page\">\n\t\t\t\t\t\t<section class=\"elementor-section elementor-top-section elementor-element elementor-element-447bb11 elementor-section-height-min-height elementor-section-boxed elementor-section-height-default elementor-section-items-middle\" data-id=\"447bb11\" data-element_type=\"section\" data-e-type=\"section\" data-settings=\"{&quot;background_background&quot;:&quot;classic&quot;}\">\n\t\t\t\t\t\t\t<div class=\"elementor-background-overlay\"><\/div>\n\t\t\t\t\t\t\t<div class=\"elementor-container elementor-column-gap-default\">\n\t\t\t\t\t<div class=\"elementor-column elementor-col-100 elementor-top-column elementor-element elementor-element-01b2a2e\" data-id=\"01b2a2e\" data-element_type=\"column\" data-e-type=\"column\">\n\t\t\t<div class=\"elementor-widget-wrap elementor-element-populated\">\n\t\t\t\t\t\t<div class=\"elementor-element elementor-element-5cf34b4 elementor-widget elementor-widget-heading\" data-id=\"5cf34b4\" data-element_type=\"widget\" data-e-type=\"widget\" data-widget_type=\"heading.default\">\n\t\t\t\t\t<h1 class=\"elementor-heading-title elementor-size-default\">Taca\u00edocht<\/h1>\t\t\t\t<\/div>\n\t\t\t\t\t<\/div>\n\t\t<\/div>\n\t\t\t\t\t<\/div>\n\t\t<\/section>\n\t\t\t\t<section class=\"elementor-section elementor-top-section elementor-element elementor-element-7b4c13b elementor-section-boxed elementor-section-height-default elementor-section-height-default\" data-id=\"7b4c13b\" data-element_type=\"section\" data-e-type=\"section\">\n\t\t\t\t\t\t<div class=\"elementor-container elementor-column-gap-default\">\n\t\t\t\t\t<div class=\"elementor-column elementor-col-100 elementor-top-column elementor-element elementor-element-a81caba\" data-id=\"a81caba\" data-element_type=\"column\" data-e-type=\"column\">\n\t\t\t<div class=\"elementor-widget-wrap elementor-element-populated\">\n\t\t\t\t\t\t<div class=\"elementor-element elementor-element-a7e69ae elementor-widget elementor-widget-text-editor\" data-id=\"a7e69ae\" data-element_type=\"widget\" data-e-type=\"widget\" data-widget_type=\"text-editor.default\">\n\t\t\t\t\t\t\t\t\t<p>An bhfuil cabhair uait le t\u00e1irge n\u00f3 le cur i bhfeidhm? Scr\u00edobh chugainn &#8211; freagra\u00edmid go praitici\u00fail agus go sonrach.<\/p>\n\t\t\t\t\t\t\t\t<\/div>\n\t\t\t\t\t<\/div>\n\t\t<\/div>\n\t\t\t\t\t<\/div>\n\t\t<\/section>\n\t\t\t\t<section class=\"elementor-section elementor-top-section elementor-element elementor-element-9fc7535 elementor-section-boxed elementor-section-height-default elementor-section-height-default\" data-id=\"9fc7535\" data-element_type=\"section\" data-e-type=\"section\">\n\t\t\t\t\t\t<div class=\"elementor-container elementor-column-gap-default\">\n\t\t\t\t\t<div class=\"elementor-column elementor-col-33 elementor-top-column elementor-element elementor-element-64a43a1\" data-id=\"64a43a1\" data-element_type=\"column\" data-e-type=\"column\">\n\t\t\t<div class=\"elementor-widget-wrap elementor-element-populated\">\n\t\t\t\t\t\t<div class=\"elementor-element elementor-element-430966f elementor-widget elementor-widget-heading\" data-id=\"430966f\" data-element_type=\"widget\" data-e-type=\"widget\" data-widget_type=\"heading.default\">\n\t\t\t\t\t<h4 class=\"elementor-heading-title elementor-size-default\">C\u00e9n chaoi a gcabhra\u00edmid<\/h4>\t\t\t\t<\/div>\n\t\t\t\t<div class=\"elementor-element elementor-element-6914a8e elementor-widget elementor-widget-text-editor\" data-id=\"6914a8e\" data-element_type=\"widget\" data-e-type=\"widget\" data-widget_type=\"text-editor.default\">\n\t\t\t\t\t\t\t\t\t<ul>\n  <li>Suite\u00e1il agus seoladh an t\u00e1irge (WordPress\/WooCommerce).<\/li>\n  <li>Cumra\u00edocht agus t\u00e1st\u00e1il (m.sh. comhartha\u00ed, cr\u00faca\u00ed gr\u00e9as\u00e1in, r\u00f3d\u00fa, teimpl\u00e9id teachtaireachta).<\/li>\n  <li>Diagn\u00f3is ar earr\u00e1id\u00ed agus coinbhleachta\u00ed (loga\u00ed, socruithe \u00f3st\u00e1la, breise\u00e1in).<\/li>\n  <li>Saincheaptha do do ch\u00e1s (r\u00e9ims\u00ed foirme, form\u00e1id teachtaireachta, uathoibri\u00fa).<\/li>\n<\/ul>\t\t\t\t\t\t\t\t<\/div>\n\t\t\t\t\t<\/div>\n\t\t<\/div>\n\t\t\t\t<div class=\"elementor-column elementor-col-33 elementor-top-column elementor-element elementor-element-caff833\" data-id=\"caff833\" data-element_type=\"column\" data-e-type=\"column\">\n\t\t\t<div class=\"elementor-widget-wrap\">\n\t\t\t\t\t\t\t<\/div>\n\t\t<\/div>\n\t\t\t\t<div class=\"elementor-column elementor-col-33 elementor-top-column elementor-element elementor-element-f39f38e\" data-id=\"f39f38e\" data-element_type=\"column\" data-e-type=\"column\">\n\t\t\t<div class=\"elementor-widget-wrap elementor-element-populated\">\n\t\t\t\t\t\t<div class=\"elementor-element elementor-element-2c22580 elementor-widget elementor-widget-heading\" data-id=\"2c22580\" data-element_type=\"widget\" data-e-type=\"widget\" data-widget_type=\"heading.default\">\n\t\t\t\t\t<h4 class=\"elementor-heading-title elementor-size-default\">Cad at\u00e1 le hullmh\u00fa sula nd\u00e9antar teagmh\u00e1il<\/h4>\t\t\t\t<\/div>\n\t\t\t\t<div class=\"elementor-element elementor-element-ab2f37e elementor-widget elementor-widget-text-editor\" data-id=\"ab2f37e\" data-element_type=\"widget\" data-e-type=\"widget\" data-widget_type=\"text-editor.default\">\n\t\t\t\t\t\t\t\t\t<ul>\n  <li>Seoladh an tsu\u00edmh agus leagan WordPress.<\/li>\n  <li>Ainm an t\u00e1irge \/ nasc chuig an ord\u00fa.<\/li>\n  <li>Cur s\u00edos ar an bhfadhb: cad at\u00e1 \u00e1 dh\u00e9anamh agat, cad ba cheart a bheith ag tarl\u00fa, cad at\u00e1 ag tarl\u00fa.<\/li>\n  <li>Loga\u00ed\/earr\u00e1id\u00ed (screenshot n\u00f3 t\u00e9acs), m\u00e1s ann d\u00f3ibh.<\/li>\n<\/ul>\t\t\t\t\t\t\t\t<\/div>\n\t\t\t\t\t<\/div>\n\t\t<\/div>\n\t\t\t\t\t<\/div>\n\t\t<\/section>\n\t\t\t\t<section class=\"elementor-section elementor-top-section elementor-element elementor-element-61b943d elementor-section-boxed elementor-section-height-default elementor-section-height-default\" data-id=\"61b943d\" data-element_type=\"section\" data-e-type=\"section\">\n\t\t\t\t\t\t<div class=\"elementor-container elementor-column-gap-default\">\n\t\t\t\t\t<div class=\"elementor-column elementor-col-100 elementor-top-column elementor-element elementor-element-75b602f\" data-id=\"75b602f\" data-element_type=\"column\" data-e-type=\"column\">\n\t\t\t<div class=\"elementor-widget-wrap elementor-element-populated\">\n\t\t\t\t\t\t<div class=\"elementor-element elementor-element-8424d30 elementor-widget elementor-widget-heading\" data-id=\"8424d30\" data-element_type=\"widget\" data-e-type=\"widget\" data-widget_type=\"heading.default\">\n\t\t\t\t\t<h4 class=\"elementor-heading-title elementor-size-default\">Am freagartha<\/h4>\t\t\t\t<\/div>\n\t\t\t\t<div class=\"elementor-element elementor-element-0630c9e elementor-widget elementor-widget-text-editor\" data-id=\"0630c9e\" data-element_type=\"widget\" data-e-type=\"widget\" data-widget_type=\"text-editor.default\">\n\t\t\t\t\t\t\t\t\t<ul>\n  <li>De ghn\u00e1th: 1-2 l\u00e1 gn\u00f3.<\/li>\n  <li>I bhfeidhmi\u00fach\u00e1in phr\u00e1inneacha: taca\u00edocht tosa\u00edochta f\u00e9ideartha (\u00edoctha).<\/li>\n<\/ul>\t\t\t\t\t\t\t\t<\/div>\n\t\t\t\t<div class=\"elementor-element elementor-element-f703d04 elementor-widget elementor-widget-text-editor\" data-id=\"f703d04\" data-element_type=\"widget\" data-e-type=\"widget\" data-widget_type=\"text-editor.default\">\n\t\t\t\t\t\t\t\t\t<ul>\n  <li>De ghn\u00e1th: 1-2 l\u00e1 gn\u00f3.<\/li>\n  <li>I bhfeidhmi\u00fach\u00e1in phr\u00e1inneacha: taca\u00edocht tosa\u00edochta f\u00e9ideartha (\u00edoctha).<\/li>\n<\/ul>\t\t\t\t\t\t\t\t<\/div>\n\t\t\t\t\t<\/div>\n\t\t<\/div>\n\t\t\t\t\t<\/div>\n\t\t<\/section>\n\t\t\t\t<section class=\"elementor-section elementor-top-section elementor-element elementor-element-9ca481a elementor-section-boxed elementor-section-height-default elementor-section-height-default\" data-id=\"9ca481a\" data-element_type=\"section\" data-e-type=\"section\" data-settings=\"{&quot;background_background&quot;:&quot;classic&quot;}\">\n\t\t\t\t\t\t<div class=\"elementor-container elementor-column-gap-default\">\n\t\t\t\t\t<div class=\"elementor-column elementor-col-100 elementor-top-column elementor-element elementor-element-603a46e\" data-id=\"603a46e\" data-element_type=\"column\" data-e-type=\"column\">\n\t\t\t<div class=\"elementor-widget-wrap elementor-element-populated\">\n\t\t\t\t\t\t<div class=\"elementor-element elementor-element-e784b3f elementor-align-center elementor-widget elementor-widget-button\" data-id=\"e784b3f\" data-element_type=\"widget\" data-e-type=\"widget\" data-widget_type=\"button.default\">\n\t\t\t\t\t\t\t\t\t\t<a class=\"elementor-button elementor-button-link elementor-size-sm\" href=\"https:\/\/arstor.pl\/ga\/teagmhail\/\">\n\t\t\t\t\t\t<span class=\"elementor-button-content-wrapper\">\n\t\t\t\t\t\t\t\t\t<span class=\"elementor-button-text\">T\u00e9igh i dteagmh\u00e1il<\/span>\n\t\t\t\t\t<\/span>\n\t\t\t\t\t<\/a>\n\t\t\t\t\t\t\t\t<\/div>\n\t\t\t\t<div class=\"elementor-element elementor-element-184e6b1 elementor-widget elementor-widget-text-editor\" data-id=\"184e6b1\" data-element_type=\"widget\" data-e-type=\"widget\" data-widget_type=\"text-editor.default\">\n\t\t\t\t\t\t\t\t\t<p>Tabhair faoi deara: n\u00ed iarraimid pasfhocail. M\u00e1 theasta\u00edonn rochtain theicni\u00fail uainn, aonta\u00edmid \u00e9 seo ar leithligh agus go s\u00e1bh\u00e1ilte.<\/p>\t\t\t\t\t\t\t\t<\/div>\n\t\t\t\t\t<\/div>\n\t\t<\/div>\n\t\t\t\t\t<\/div>\n\t\t<\/section>\n\t\t\t\t<\/div>\n\t\t","protected":false},"excerpt":{"rendered":"<p>Taca\u00edocht An bhfuil cabhair uait le t\u00e1irge n\u00f3 le cur i bhfeidhm? Scr\u00edobh chugainn &#8211; freagra\u00edmid go praitici\u00fail agus go sonrach. C\u00e9n chaoi a gcabhra\u00edmid Suite\u00e1il agus seoladh an t\u00e1irge (WordPress\/WooCommerce). Cumra\u00edocht agus t\u00e1st\u00e1il (m.sh. comhartha\u00ed, cr\u00faca\u00ed gr\u00e9as\u00e1in, r\u00f3d\u00fa, teimpl\u00e9id teachtaireachta). Diagn\u00f3is ar earr\u00e1id\u00ed agus coinbhleachta\u00ed (loga\u00ed, socruithe \u00f3st\u00e1la, breise\u00e1in). Saincheaptha do do ch\u00e1s (r\u00e9ims\u00ed&#8230;<\/p>\n","protected":false},"author":1,"featured_media":0,"parent":0,"menu_order":0,"comment_status":"closed","ping_status":"closed","template":"elementor_header_footer","meta":{"_kad_post_transparent":"","_kad_post_title":"","_kad_post_layout":"","_kad_post_sidebar_id":"","_kad_post_content_style":"","_kad_post_vertical_padding":"","_kad_post_feature":"","_kad_post_feature_position":"","_kad_post_header":false,"_kad_post_footer":false,"_kad_post_classname":"","footnotes":""},"class_list":["post-1820","page","type-page","status-publish","hentry"],"_links":{"self":[{"href":"https:\/\/arstor.pl\/ga\/wp-json\/wp\/v2\/pages\/1820","targetHints":{"allow":["GET"]}}],"collection":[{"href":"https:\/\/arstor.pl\/ga\/wp-json\/wp\/v2\/pages"}],"about":[{"href":"https:\/\/arstor.pl\/ga\/wp-json\/wp\/v2\/types\/page"}],"author":[{"embeddable":true,"href":"https:\/\/arstor.pl\/ga\/wp-json\/wp\/v2\/users\/1"}],"replies":[{"embeddable":true,"href":"https:\/\/arstor.pl\/ga\/wp-json\/wp\/v2\/comments?post=1820"}],"version-history":[{"count":2,"href":"https:\/\/arstor.pl\/ga\/wp-json\/wp\/v2\/pages\/1820\/revisions"}],"predecessor-version":[{"id":1905,"href":"https:\/\/arstor.pl\/ga\/wp-json\/wp\/v2\/pages\/1820\/revisions\/1905"}],"wp:attachment":[{"href":"https:\/\/arstor.pl\/ga\/wp-json\/wp\/v2\/media?parent=1820"}],"curies":[{"name":"wp","href":"https:\/\/api.w.org\/{rel}","templated":true}]}}