{"id":1563,"date":"2026-01-30T21:22:41","date_gmt":"2026-01-30T21:22:41","guid":{"rendered":"https:\/\/arstor.pl\/?page_id=1563"},"modified":"2026-02-01T22:26:29","modified_gmt":"2026-02-01T22:26:29","slug":"tearmai-agus-coinniollacha","status":"publish","type":"page","link":"https:\/\/arstor.pl\/ga\/tearmai-agus-coinniollacha\/","title":{"rendered":"T\u00e9arma\u00ed agus Coinn\u00edollacha"},"content":{"rendered":"<h2>T\u00e9arma\u00ed agus Coinn\u00edollacha an tSiopa Ar L\u00edne arstor.pl (Aroks Digital Kits)<\/h2>\n<p><strong>1. For\u00e1lacha ginear\u00e1lta<\/strong><\/p>\n<ol>\n<li>Leagtar amach sna T\u00e9arma\u00ed agus Coinn\u00edollacha seo na rialacha chun an siopa ar l\u00edne ag <strong>arstor.pl<\/strong> a \u00fas\u00e1id, lena n-\u00e1ir\u00edtear rialacha maidir le conartha\u00ed a dh\u00e9anamh agus a chomhl\u00edonadh le haghaidh sol\u00e1thar <strong>\u00e1bhair dhigiteach<\/strong> agus <strong>seirbh\u00eds\u00ed digiteacha<\/strong>, chomh maith le cearta agus oibleag\u00e1id\u00ed na bP\u00e1irtithe.<\/li>\n<li>T\u00e1 an siopa \u00e1 oibri\u00fa ag: <strong>Aroks Group Sp. z o.o.<\/strong>, NIP: <strong>8133842216<\/strong>, REGON: <strong>386668701<\/strong>, ul. Hugo Ko\u0142\u0142\u0105taja 3\/15, 20-006 Lublin, An Pholainn (\u201cSol\u00e1thra\u00ed Seirbh\u00edse\u201d \/ \u201cD\u00edolt\u00f3ir\u201d).<\/li>\n<li>Teagmh\u00e1il leis an D\u00edolt\u00f3ir: <strong>kontakt@arstor.pl<\/strong>.<\/li>\n<li>Cuirtear na T\u00e9arma\u00ed agus Coinn\u00edollacha seo ar f\u00e1il saor in aisce ar bhealach a cheada\u00edonn iad a fh\u00e1il, a at\u00e1irgeadh agus a st\u00f3r\u00e1il.<\/li>\n<li>Maidir le h\u00e1bhair nach bhfuil rialaithe anseo, beidh dl\u00ed na Polainne i bhfeidhm, go h\u00e1irithe rialach\u00e1in maidir le seirbh\u00eds\u00ed a shol\u00e1thar ar mhodh leictreonach, cearta tomhalt\u00f3ir\u00ed, agus comhr\u00e9ireacht \u00e1bhair\/seirbh\u00eds\u00ed digiteacha leis an gconradh.<\/li>\n<\/ol>\n<p><strong>2. Sainmh\u00ednithe<\/strong><\/p>\n<ol>\n<li><strong>Siopa<\/strong> \u2013 seirbh\u00eds ar l\u00edne an D\u00edolt\u00f3ra at\u00e1 ar f\u00e1il ag arstor.pl.<\/li>\n<li><strong>Custaim\u00e9ir<\/strong> \u2013 eintiteas a dh\u00e9anann ceannach sa Siopa (tomhalt\u00f3ir, gn\u00f3, n\u00f3 eintiteas eile at\u00e1 inch\u00e1ilithe).<\/li>\n<li><strong>Tomhalt\u00f3ir<\/strong> \u2013 duine n\u00e1d\u00fartha a dh\u00e9anann gn\u00edomh dl\u00ed nach mbaineann go d\u00edreach lena ghn\u00edomha\u00edocht ghn\u00f3 n\u00f3 ghairmi\u00fail.<\/li>\n<li><strong>Fiontra\u00ed le cearta tomhalt\u00f3ra<\/strong> \u2013 duine n\u00e1d\u00fartha a dh\u00e9anann conradh at\u00e1 bainteach go d\u00edreach lena ghn\u00edomha\u00edocht ghn\u00f3 nuair nach bhfuil an conradh de chine\u00e1l gairmi\u00fail don duine sin (de r\u00e9ir an dl\u00ed infheidhme).<\/li>\n<li><strong>Cuntas<\/strong> \u2013 cuntas an Chustaim\u00e9ara sa Siopa, at\u00e1 riachtanach chun ord\u00fa a chur agus chun rochtain a fh\u00e1il ar an \u00e1bhar\/seirbh\u00eds\u00ed a ceanna\u00edodh.<\/li>\n<li><strong>T\u00e1irge<\/strong> \u2013 \u00e1bhar digiteach agus\/n\u00f3 seirbh\u00eds dhigiteach a thairgtear sa Siopa.<\/li>\n<li><strong>\u00c1bhar digiteach<\/strong> \u2013 sonra\u00ed a th\u00e1irgtear agus a shol\u00e1thra\u00edtear i bhfoirm dhigiteach, lena n-\u00e1ir\u00edtear: comhaid ZIP, PDF, teimpl\u00e9id, breise\u00e1in, suite\u00e1laithe.<\/li>\n<li><strong>Seirbh\u00eds\u00ed digiteacha<\/strong> \u2013 seirbh\u00eds\u00ed a chuireann ar chumas an Chustaim\u00e9ara sonra\u00ed a chruth\u00fa, a phr\u00f3ise\u00e1il, a st\u00f3r\u00e1il n\u00f3 rochtain a fh\u00e1il orthu i bhfoirm dhigiteach, lena n-\u00e1ir\u00edtear: rochtain ar ch\u00farsa, s\u00ednti\u00fas, rochtain ar sheirbh\u00eds\/leabharlann.<\/li>\n<li><strong>Conradh<\/strong> \u2013 conradh cianda a dh\u00e9antar idir an Custaim\u00e9ir agus an D\u00edolt\u00f3ir tr\u00edd an Siopa.<\/li>\n<li><strong>Pain\u00e9al \u201cMo chuntas\u201d<\/strong> \u2013 cuid den Siopa at\u00e1 ar f\u00e1il tar \u00e9is log\u00e1il isteach, \u00e1it a gcuirtear ceannach\u00e1in agus comhaid le h\u00edosl\u00f3d\u00e1il ar f\u00e1il.<\/li>\n<\/ol>\n<p><strong>3. Raon feidhme an tSiopa<\/strong><\/p>\n<ol>\n<li>N\u00ed thairgeann an Siopa ach t\u00e1irg\u00ed digiteacha: \u00e1bhar digiteach agus seirbh\u00eds\u00ed digiteacha.<\/li>\n<li>F\u00e9adfar taca\u00edocht theicni\u00fail, cur i bhfeidhm, cumra\u00edochta\u00ed agus modhnuithe (\u201csaincheapadh\u201d) a thairiscint ar th\u00e1ille bhreise mar sheirbh\u00eds ar leith, m\u00e1 aonta\u00edtear leis an D\u00edolt\u00f3ir.<\/li>\n<li>T\u00e1 an cur s\u00edos mionsonraithe ar an T\u00e1irge (raon, gn\u00e9ithe, riachtanais, t\u00e9arma\u00ed cead\u00fanais, rochtain ar nuashonruithe) ar leathanach an T\u00e1irge agus is cuid den eolas r\u00e9amhchonarthach \u00e9.<\/li>\n<\/ol>\n<p><strong>4. Cuntas sa Siopa<\/strong><\/p>\n<ol>\n<li>T\u00e1 cuntas a chruth\u00fa agus a bheith agat riachtanach chun ord\u00fa a chur agus chun an t-\u00e1bhar\/seirbh\u00eds\u00ed a ceanna\u00edodh a \u00fas\u00e1id.<\/li>\n<li>Geallann an Custaim\u00e9ir sonra\u00ed f\u00edor agus cothrom le d\u00e1ta a shol\u00e1thar agus creidi\u00faint\u00ed log\u00e1la isteach a choinne\u00e1il faoi r\u00fan.<\/li>\n<li>N\u00ed cheada\u00edtear don Chustaim\u00e9ir an Cuntas a roinnt le tr\u00ed\u00fa p\u00e1irtithe, mura ndeir t\u00e9arma\u00ed T\u00e1irge ar leith (m.sh. cead\u00fanas ilshu\u00edomh) a mhalairt.<\/li>\n<li>F\u00e9adfaidh an D\u00edolt\u00f3ir rochtain ar an gCuntas n\u00f3 ar sheirbh\u00eds\u00ed an tSiopa a shrianadh go sealadach i gc\u00e1s s\u00e1r\u00fa ar na T\u00e9arma\u00ed seo, ar ch\u00faiseanna sl\u00e1nd\u00e1la, n\u00f3 mar gheall ar obair theicni\u00fail riachtanach.<\/li>\n<\/ol>\n<p><strong>5. Orduithe a chur<\/strong><\/p>\n<ol>\n<li>Cuirtear orduithe tr\u00edd an Siopa tar \u00e9is log\u00e1il isteach sa Chuntas.<\/li>\n<li>Chun ord\u00fa a chur, roghna\u00edonn an Custaim\u00e9ir T\u00e1irge, cuireann leis an gcise\u00e1n \u00e9, sol\u00e1thra\u00edonn na sonra\u00ed at\u00e1 riachtanach chun an Conradh a chomhl\u00edonadh (lena n-\u00e1ir\u00edtear sonra\u00ed sonraisc m\u00e1s g\u00e1) agus d\u00e9anann \u00edoca\u00edocht.<\/li>\n<li>T\u00e1 glacadh leis na T\u00e9arma\u00ed seo riachtanach chun ord\u00fa a chur agus \u2013 do th\u00e1irg\u00ed a shol\u00e1thra\u00edtear l\u00e1ithreach \u2013 na toili\u00fach\u00e1in a thuairisc\u00edtear in alt 11 m\u00e1 theasta\u00edonn rochtain \u201cl\u00e1ithreach tar \u00e9is \u00edoca\u00edochta\u201d.<\/li>\n<li>D\u00e9antar an Conradh nuair a ghlactar leis an ord\u00fa le pr\u00f3ise\u00e1il (de ghn\u00e1th go huathoibr\u00edoch) agus nuair a chuirtear an \u00edoca\u00edocht i gcr\u00edch go rath\u00fail, mura n-aonta\u00edonn na P\u00e1irtithe a mhalairt.<\/li>\n<\/ol>\n<p><strong>6. Praghsanna, \u00edoca\u00edochta\u00ed, sonraisc<\/strong><\/p>\n<ol>\n<li>Taispe\u00e1ntar praghsanna na dt\u00e1irg\u00ed sa Siopa agus \u00e1ir\u00edtear c\u00e1nacha iontu nuair is infheidhme. Braitheann cur i l\u00e1thair praghsanna (comhl\u00e1n\/glan) ar shocruithe an tSiopa agus ar na sonra\u00ed a shol\u00e1thra\u00edonn an Custaim\u00e9ir (m.sh. NIP\/VAT UE, t\u00edr).<\/li>\n<li>Modhanna \u00edoca\u00edochta ar f\u00e1il: <strong>Stripe<\/strong>, <strong>PayPal<\/strong>, <strong>paynow (mBank)<\/strong> agus modhanna eile a fheictear ag an tseice\u00e1il amach (m.sh. BLIK, aistri\u00fa bainc) \u2013 ag brath ar chumra\u00edocht agus ar infhaighteacht na n-oibreoir\u00ed \u00edoca\u00edochta.<\/li>\n<li>D\u2019fh\u00e9adfadh bille\u00e1il\/cuntasa\u00edocht a bheith \u00e1 l\u00e1imhse\u00e1il le huirlis\u00ed seachtracha, lena n-\u00e1ir\u00edtear <strong>wFirma<\/strong>. Eiseofar sonraisc CBL \u201cleath-uathoibr\u00edoch\u201d bunaithe ar shonra\u00ed a shol\u00e1thra\u00edonn an Custaim\u00e9ir.<\/li>\n<li>T\u00e1 ceannach gan NIP ind\u00e9anta. Moltar do ghn\u00f3lachta\u00ed AE uimhir VAT UE bhail\u00ed a shol\u00e1thar. Do eintitis lasmuigh den AE, d\u2019fh\u00e9adfadh rialacha c\u00e1nach a bheith ag brath ar an t\u00edr agus ar st\u00e1das an cheannaitheora \u2013 socra\u00edonn an D\u00edolt\u00f3ir c\u00e1nacha de r\u00e9ir rialach\u00e1n infheidhme.<\/li>\n<\/ol>\n<p><strong>7. Seachadadh \u00e1bhair dhigitigh agus gn\u00edomhacht\u00fa seirbh\u00eds\u00ed digiteacha<\/strong><\/p>\n<ol>\n<li>Bronntar rochtain ar \u00e1bhar\/seirbh\u00eds\u00ed digiteacha a ceanna\u00edodh <strong>l\u00e1ithreach tar \u00e9is \u00edoca\u00edochta<\/strong> tr\u00edd an bpain\u00e9al \u201cMo chuntas\u201d, mura gcuirtear in i\u00fal a mhalairt ar leathanach an T\u00e1irge.<\/li>\n<li>Mura mbronntar rochtain go huathoibr\u00edoch ar ch\u00faiseanna teicni\u00fala, ba ch\u00f3ir don Chustaim\u00e9ir teagmh\u00e1il a dh\u00e9anamh leis an D\u00edolt\u00f3ir ag <strong>kontakt@arstor.pl<\/strong>.<\/li>\n<li>Meastar go bhfuil \u00e1bhar digiteach seachadta nuair a chuireann an D\u00edolt\u00f3ir ar chumas an Chustaim\u00e9ara an comhad(na comhaid) a \u00edosl\u00f3d\u00e1il n\u00f3 rochtain a fh\u00e1il orthu sa Chuntas.<\/li>\n<li>Meastar go bhfuil seirbh\u00eds dhigiteach tosaithe nuair a ghn\u00edomhachta\u00edtear rochtain (m.sh. c\u00farsa\/s\u00ednti\u00fas\/seirbh\u00eds) sa Chuntas.<\/li>\n<\/ol>\n<p><strong>8. Riachtanais theicni\u00fala<\/strong><\/p>\n<ol>\n<li>Chun an Siopa a \u00fas\u00e1id, teasta\u00edonn: gl\u00e9as le rochtain ar an Idirl\u00edon, brabhs\u00e1la\u00ed gr\u00e9as\u00e1in cothrom le d\u00e1ta, seoladh r\u00edomhphoist gn\u00edomhach, agus an cumas comhaid a oscailt\/a dh\u00edphac\u00e1il (m.sh. PDF, ZIP).<\/li>\n<li>D\u2019fh\u00e9adfadh riachtanais bhreise a bheith i gceist le T\u00e1irg\u00ed \u00e1irithe (m.sh. breise\u00e1in) (m.sh. leagan WordPress, PHP, cumra\u00edocht an fhreastala\u00ed) \u2013 mar a luaitear ar leathanach an T\u00e1irge.<\/li>\n<\/ol>\n<p><strong>9. Cead\u00fanais agus c\u00f3ipcheart<\/strong><\/p>\n<ol>\n<li>T\u00e1 \u00e1bhar digiteach cosanta ag c\u00f3ipcheart. N\u00ed chialla\u00edonn ceannach T\u00e1irge aistri\u00fa cearta c\u00f3ipchirt eacnama\u00edocha, mura luaitear go sainr\u00e1ite a mhalairt.<\/li>\n<li>Sonra\u00edtear t\u00e9arma\u00ed an chead\u00fanais (raon, \u00fas\u00e1id cheadaithe, l\u00edon suite\u00e1lacha\/fearann, tr\u00e9imhse, nuashonruithe) <strong>ar leith do gach T\u00e1irge<\/strong> ar a leathanach agus t\u00e1 siad ceangailteach don Chustaim\u00e9ir.<\/li>\n<li>T\u00e1 cosc go h\u00e1irithe ar: athdh\u00edol, d\u00e1ileadh breise na gcomhad, iad a dh\u00e9anamh poibl\u00ed, f\u00f3gra\u00ed \u00fadarthachta a bhaint, n\u00f3 bearta sl\u00e1nd\u00e1la a sheachaint \u2013 mura ndeir cead\u00fanas an T\u00e1irge a mhalairt.<\/li>\n<\/ol>\n<p><strong>10. Comhr\u00e9ireacht agus dliteanas<\/strong><\/p>\n<ol>\n<li>T\u00e1 an D\u00edolt\u00f3ir freagrach as comhr\u00e9ireacht \u00e1bhair agus seirbh\u00eds\u00ed digiteacha leis an gConradh a mh\u00e9id a \u00e9il\u00edtear leis an dl\u00ed infheidhme.<\/li>\n<li>Sol\u00e1thra\u00edtear T\u00e1irg\u00ed (lena n-\u00e1ir\u00edtear breise\u00e1in) \u201cmar at\u00e1\u201d sa chiall go mbraitheann a bhfeidhmi\u00fa ar thimpeallacht an Chustaim\u00e9ara (m.sh. cumra\u00edocht \u00f3st\u00e1la, leagan WordPress\/PHP, breise\u00e1in\/t\u00e9ama eile). N\u00ed chuireann s\u00e9 seo srian ar chearta reacht\u00fala Tomhalt\u00f3ra n\u00e1 Fiontra\u00ed le cearta tomhalt\u00f3ra.<\/li>\n<li>N\u00edl an D\u00edolt\u00f3ir faoi dhliteanas i leith saincheisteanna a eascra\u00edonn go hioml\u00e1n as: cumra\u00edocht mh\u00edcheart ar thaobh an Chustaim\u00e9ara, coinbhleachta\u00ed le bogearra\u00ed eile, athruithe a rinne an Custaim\u00e9ir n\u00f3 tr\u00ed\u00fa p\u00e1irtithe, \u00fas\u00e1id timpeallachta\u00ed as d\u00e1ta, n\u00f3 mainneachtain freastal ar na riachtanais ar leathanach an T\u00e1irge.<\/li>\n<li>M\u00e1 theasta\u00edonn oiri\u00fan\u00fa T\u00e1irge don Chustaim\u00e9ir do riachtanais aonair, f\u00e9adfaidh s\u00e9\/s\u00ed taca\u00edocht\/saincheapadh \u00edoctha a ord\u00fa tar \u00e9is anail\u00edse agus luachana roimh r\u00e9.<\/li>\n<\/ol>\n<p><strong>11. Ceart aistarraingthe (Tomhalt\u00f3ir \/ Fiontra\u00ed le cearta tomhalt\u00f3ra)<\/strong><\/p>\n<ol>\n<li>De ghn\u00e1th, f\u00e9adfaidh Custaim\u00e9ir at\u00e1 ina Thomhalt\u00f3ir n\u00f3 ina Fhiontra\u00ed le cearta tomhalt\u00f3ra tarraingt siar \u00f3n gConradh laistigh de 14 l\u00e1 gan ch\u00fais a thabhairt.<\/li>\n<li><strong>\u00c1bhar digiteach<\/strong>: m\u00e1s mian leis an gCustaim\u00e9ir \u00e1bhar digiteach \u201cl\u00e1ithreach tar \u00e9is \u00edoca\u00edochta\u201d, iarrann an D\u00edolt\u00f3ir toili\u00fa sainr\u00e1ite le feidhm\u00edocht l\u00e1ithreach roimh dheireadh na tr\u00e9imhse aistarraingthe agus admh\u00e1il go gcaillfear an ceart aistarraingthe nuair a sheachadtar an t-\u00e1bhar digiteach. Sampla (bosca seice\u00e1la sa tseice\u00e1il amach):<br \/>\n  \u201cAonta\u00edm le seachadadh l\u00e1ithreach \u00e1bhair dhigitigh roimh dheireadh na tr\u00e9imhse aistarraingthe agus admha\u00edm, a luaithe a sheachadtar an t-\u00e1bhar digiteach, go gcaillfidh m\u00e9 mo cheart aistarraingthe.\u201d<\/li>\n<li><strong>Seirbh\u00eds\u00ed digiteacha<\/strong>: m\u00e1 iarrann an Custaim\u00e9ir t\u00fas a chur leis an tseirbh\u00eds dhigiteach roimh dheireadh na tr\u00e9imhse aistarraingthe agus tarraing\u00edonn siar ina dhiaidh sin, f\u00e9adfaidh an D\u00edolt\u00f3ir an tseirbh\u00eds a shocr\u00fa de r\u00e9ir an dl\u00ed infheidhme (go h\u00e1irithe maidir leis an gcuid a cuireadh i gcr\u00edch go dt\u00ed an tarraingt siar), mura n-eisiann an dl\u00ed an ceart aistarraingthe i gc\u00e1s ar leith.<\/li>\n<li>Ba ch\u00f3ir an dearbh\u00fa aistarraingthe a sheoladh chuig: <strong>kontakt@arstor.pl<\/strong>. Deimhneoidh an D\u00edolt\u00f3ir an f\u00e1il go pras.<\/li>\n<li>D\u00e9anfar ais\u00edoca\u00edochta\u00ed tr\u00e1th nach d\u00e9ana\u00ed n\u00e1 14 l\u00e1 \u00f3n aistarraingt\/foirceannadh \u00e9ifeachtach, leis an modh \u00edoca\u00edochta c\u00e9anna, mura n-aonta\u00edonn an Custaim\u00e9ir go sainr\u00e1ite le r\u00e9iteach eile.<\/li>\n<li>M\u00e1 bhaineann an ch\u00fais le tarraingt siar\/foirceannadh le fadhb theicni\u00fail n\u00f3 le neamhchomhr\u00e9ireacht, f\u00e9adfaidh an D\u00edolt\u00f3ir faisn\u00e9is a iarraidh chun bunch\u00faiseanna a fh\u00edor\u00fa (alt 12). Mura f\u00e9idir an fhadhb a r\u00e9iteach, d\u00e9anfaidh an D\u00edolt\u00f3ir ais\u00edoca\u00edocht laistigh de 14 l\u00e1 tar \u00e9is don fh\u00edor\u00fa bunch\u00faiseanna a bheith cr\u00edochnaithe.<\/li>\n<\/ol>\n<p><strong>12. Gear\u00e1in agus taca\u00edocht<\/strong><\/p>\n<ol>\n<li>Ba ch\u00f3ir gear\u00e1in maidir leis an Siopa, \u00e1bhar digiteach n\u00f3 seirbh\u00eds\u00ed digiteacha a chur chuig: <strong>kontakt@arstor.pl<\/strong>.<\/li>\n<li>Ba ch\u00f3ir go n-\u00e1ireofa\u00ed sa ghear\u00e1n: sonra\u00ed an Chustaim\u00e9ara, uimhir an ordaithe, cur s\u00edos ar an bhfadhb agus \u2013 do th\u00e1irg\u00ed teicni\u00fala (m.sh. breise\u00e1in) \u2013 an oiread faisn\u00e9ise timpeallachta agus is f\u00e9idir: leagan an T\u00e1irge, WordPress, PHP, cur s\u00edos cumra\u00edochta, liosta breise\u00e1n\/t\u00e9ama, loga\u00ed earr\u00e1ide agus c\u00e9imeanna chun an fhadhb a at\u00e1irgeadh.<\/li>\n<li>Freagr\u00f3idh an D\u00edolt\u00f3ir laistigh de 14 l\u00e1 tar \u00e9is d\u00f3 an fhaisn\u00e9is ioml\u00e1n at\u00e1 riachtanach chun an gear\u00e1n a l\u00e1imhse\u00e1il a fh\u00e1il.<\/li>\n<li>D\u00e9antar bugfix, nuashonruithe n\u00f3 athshol\u00e1thar comhad de r\u00e9ir an dl\u00ed infheidhme agus de r\u00e9ir n\u00e1d\u00far an fhadhb agus na bhf\u00e9idearthachta\u00ed teicni\u00fala. D\u2019fh\u00e9adfadh taca\u00edocht a th\u00e9ann thar oibleag\u00e1id\u00ed reacht\u00fala n\u00f3 thar chur s\u00edos an T\u00e1irge a bheith \u00edoctha.<\/li>\n<\/ol>\n<p><strong>13. Sonra\u00ed pearsanta agus fian\u00e1in<\/strong><\/p>\n<ol>\n<li>T\u00e1 rialacha maidir le pr\u00f3ise\u00e1il sonra\u00ed pearsanta agus \u00fas\u00e1id fian\u00e1n le f\u00e1il sa \u201cPolasa\u00ed Pr\u00edobh\u00e1ideachais\u201d ar shu\u00edomh an tSiopa.<\/li>\n<\/ol>\n<p><strong>14. For\u00e1lacha deiridh<\/strong><\/p>\n<ol>\n<li>F\u00e9adfaidh an D\u00edolt\u00f3ir na T\u00e9arma\u00ed seo a leas\u00fa ar ch\u00faiseanna t\u00e1bhachtacha (m.sh. athruithe dl\u00edthi\u00fala, teicni\u00fala n\u00f3 eagra\u00edocht\u00fala). N\u00ed dh\u00e9anann leasuithe difear do chearta a fuarthas; beidh orduithe a cuireadh roimh an athr\u00fa faoi r\u00e9ir na leagan a bh\u00ed i bhfeidhm tr\u00e1th an ordaithe.<\/li>\n<li>R\u00e9iteofar d\u00edosp\u00f3id\u00ed go cairdi\u00fail ar dt\u00fas. Mura mbaintear comhaont\u00fa amach, socra\u00edtear dl\u00ednse c\u00fairte de r\u00e9ir an dl\u00ed; do Chustaim\u00e9ir\u00ed nach tomhalt\u00f3ir\u00ed iad, d\u2019fh\u00e9adfadh c\u00fairt at\u00e1 inni\u00fail do shu\u00edomh cl\u00e1raithe an D\u00edolt\u00f3ra a bheith infheidhme.<\/li>\n<li>T\u00e1 na T\u00e9arma\u00ed seo i bhfeidhm \u00f3n d\u00e1ta a fhoils\u00edtear sa Siopa. Moltar an leagan reatha a sh\u00e1bh\u00e1il\/a choinne\u00e1il mar fhianaise.<\/li>\n<\/ol>\n","protected":false},"excerpt":{"rendered":"<p>T\u00e9arma\u00ed agus Coinn\u00edollacha an tSiopa Ar L\u00edne arstor.pl (Aroks Digital Kits) 1. For\u00e1lacha ginear\u00e1lta Leagtar amach sna T\u00e9arma\u00ed agus Coinn\u00edollacha seo na rialacha chun an siopa ar l\u00edne ag arstor.pl a \u00fas\u00e1id, lena n-\u00e1ir\u00edtear rialacha maidir le conartha\u00ed a dh\u00e9anamh agus a chomhl\u00edonadh le haghaidh sol\u00e1thar \u00e1bhair dhigiteach agus seirbh\u00eds\u00ed digiteacha, chomh maith le cearta&#8230;<\/p>\n","protected":false},"author":1,"featured_media":0,"parent":0,"menu_order":0,"comment_status":"closed","ping_status":"closed","template":"","meta":{"_kad_post_transparent":"default","_kad_post_title":"default","_kad_post_layout":"default","_kad_post_sidebar_id":"","_kad_post_content_style":"default","_kad_post_vertical_padding":"default","_kad_post_feature":"","_kad_post_feature_position":"","_kad_post_header":false,"_kad_post_footer":false,"_kad_post_classname":"","footnotes":""},"class_list":["post-1563","page","type-page","status-publish","hentry"],"_links":{"self":[{"href":"https:\/\/arstor.pl\/ga\/wp-json\/wp\/v2\/pages\/1563","targetHints":{"allow":["GET"]}}],"collection":[{"href":"https:\/\/arstor.pl\/ga\/wp-json\/wp\/v2\/pages"}],"about":[{"href":"https:\/\/arstor.pl\/ga\/wp-json\/wp\/v2\/types\/page"}],"author":[{"embeddable":true,"href":"https:\/\/arstor.pl\/ga\/wp-json\/wp\/v2\/users\/1"}],"replies":[{"embeddable":true,"href":"https:\/\/arstor.pl\/ga\/wp-json\/wp\/v2\/comments?post=1563"}],"version-history":[{"count":2,"href":"https:\/\/arstor.pl\/ga\/wp-json\/wp\/v2\/pages\/1563\/revisions"}],"predecessor-version":[{"id":1565,"href":"https:\/\/arstor.pl\/ga\/wp-json\/wp\/v2\/pages\/1563\/revisions\/1565"}],"wp:attachment":[{"href":"https:\/\/arstor.pl\/ga\/wp-json\/wp\/v2\/media?parent=1563"}],"curies":[{"name":"wp","href":"https:\/\/api.w.org\/{rel}","templated":true}]}}