{"id":1971,"date":"2026-02-02T14:06:53","date_gmt":"2026-02-02T13:06:53","guid":{"rendered":"https:\/\/arstor.pl\/produkt\/preventa-del-plugin-notificaciones-de-envios-desde-elementor-pro-form-a-telegram\/"},"modified":"2026-02-02T14:06:53","modified_gmt":"2026-02-02T13:06:53","slug":"preventa-del-plugin-notificaciones-de-envios-desde-elementor-pro-form-a-telegram","status":"publish","type":"product","link":"https:\/\/arstor.pl\/es\/produkt\/preventa-del-plugin-notificaciones-de-envios-desde-elementor-pro-form-a-telegram\/","title":{"rendered":"Preventa del plugin: Notificaciones de env\u00edos desde Elementor Pro Form a Telegram"},"content":{"rendered":"<p>Si generas leads a trav\u00e9s de Elementor Pro Forms, Telegram puede reducir el tiempo de respuesta a minutos. Como parte de la preventa, estamos creando un plugin espec\u00edficamente para tus formularios y forma de trabajo (ventas, consultor\u00edas, presupuestos, reservas). <\/p>\n<ul>\n<li><strong>Soporte:<\/strong> uno o varios formularios, reglas\/contenidos separados para cada uno.<\/li>\n<li><strong>Contenido del mensaje:<\/strong> campos del formulario en un orden determinado, etiquetas, elementos fijos adicionales (por ejemplo, fuente, landing, campa\u00f1a), opcionalmente enlace al panel.<\/li>\n<li><strong>Seguridad y calidad:<\/strong> env\u00edo solo despu\u00e9s de una validaci\u00f3n correcta del formulario, protecci\u00f3n b\u00e1sica contra env\u00edos \u00abvac\u00edos\u00bb, registro de errores de env\u00edo.<\/li>\n<li><strong>Configuraci\u00f3n:<\/strong> Bot Token, Chat ID, selecci\u00f3n de formularios, plantilla (marcadores de posici\u00f3n de campos).<\/li>\n<li><strong>Entrega:<\/strong> ZIP del plugin + instrucciones de implementaci\u00f3n + escenarios de prueba y errores m\u00e1s comunes.<\/li>\n<li><strong>Tiempo de entrega:<\/strong> 48\u201372 horas desde la recopilaci\u00f3n de requisitos.<\/li>\n<\/ul>\n","protected":false},"excerpt":{"rendered":"<p>Plugin de WordPress adaptado a tus formularios de Elementor Pro que env\u00eda env\u00edos\/leads a Telegram (a un grupo o chat privado) en un formato determinado. Haremos el mapeo de campos, soporte para m\u00faltiples formularios y una plantilla de mensaje clara. Realizaci\u00f3n individual en 48\u201372 horas.  <\/p>\n","protected":false},"featured_media":1972,"template":"","meta":{"_kad_post_transparent":"","_kad_post_title":"","_kad_post_layout":"","_kad_post_sidebar_id":"","_kad_post_content_style":"","_kad_post_vertical_padding":"","_kad_post_feature":"","_kad_post_feature_position":"","_kad_post_header":false,"_kad_post_footer":false,"_kad_post_classname":""},"product_brand":[],"product_cat":[53],"product_tag":[],"class_list":{"0":"post-1971","1":"product","2":"type-product","3":"status-publish","4":"has-post-thumbnail","6":"product_cat-descargas","8":"first","9":"instock","10":"downloadable","11":"virtual","12":"taxable","13":"purchasable","14":"product-type-simple","15":"entry","16":"content-bg","17":"loop-entry"},"_links":{"self":[{"href":"https:\/\/arstor.pl\/es\/wp-json\/wp\/v2\/product\/1971","targetHints":{"allow":["GET"]}}],"collection":[{"href":"https:\/\/arstor.pl\/es\/wp-json\/wp\/v2\/product"}],"about":[{"href":"https:\/\/arstor.pl\/es\/wp-json\/wp\/v2\/types\/product"}],"wp:featuredmedia":[{"embeddable":true,"href":"https:\/\/arstor.pl\/es\/wp-json\/wp\/v2\/media\/1972"}],"wp:attachment":[{"href":"https:\/\/arstor.pl\/es\/wp-json\/wp\/v2\/media?parent=1971"}],"wp:term":[{"taxonomy":"product_brand","embeddable":true,"href":"https:\/\/arstor.pl\/es\/wp-json\/wp\/v2\/product_brand?post=1971"},{"taxonomy":"product_cat","embeddable":true,"href":"https:\/\/arstor.pl\/es\/wp-json\/wp\/v2\/product_cat?post=1971"},{"taxonomy":"product_tag","embeddable":true,"href":"https:\/\/arstor.pl\/es\/wp-json\/wp\/v2\/product_tag?post=1971"}],"curies":[{"name":"wp","href":"https:\/\/api.w.org\/{rel}","templated":true}]}}